{"id":15,"date":"2023-05-28T21:51:29","date_gmt":"2023-05-28T21:51:29","guid":{"rendered":"https:\/\/gmlogisticsh.com\/?page_id=15"},"modified":"2023-10-03T16:15:05","modified_gmt":"2023-10-03T16:15:05","slug":"inicio","status":"publish","type":"page","link":"https:\/\/gmlogisticsh.com\/en\/","title":{"rendered":"Home"},"content":{"rendered":"<p>[et_pb_section fb_built=&#8221;1&#8243; fullwidth=&#8221;on&#8221; _builder_version=&#8221;4.16&#8243; _module_preset=&#8221;default&#8221; custom_padding=&#8221;0px|||||&#8221; global_colors_info=&#8221;{}&#8221;][et_pb_fullwidth_image title_text=&#8221;GM LOGISTICS &#8211; CAPSULA 1-_1&#8243; _builder_version=&#8221;4.16&#8243; _module_preset=&#8221;default&#8221; background_video_mp4=&#8221;https:\/\/gmlogisticsh.com\/wp-content\/uploads\/2023\/09\/GM-LOGISTICS-CAPSULA-1-_1.mp4&#8243; allow_player_pause=&#8221;on&#8221; custom_padding=&#8221;||1048px|||&#8221; global_colors_info=&#8221;{}&#8221;][\/et_pb_fullwidth_image][\/et_pb_section][et_pb_section fb_built=&#8221;1&#8243; admin_label=&#8221;Services&#8221; _builder_version=&#8221;4.16&#8243; custom_padding=&#8221;90px||80px|&#8221; global_colors_info=&#8221;{}&#8221;][et_pb_row column_structure=&#8221;1_2,1_2&#8243; admin_label=&#8221;About&#8221; _builder_version=&#8221;4.16&#8243; background_size=&#8221;initial&#8221; background_position=&#8221;top_left&#8221; background_repeat=&#8221;repeat&#8221; max_width=&#8221;900px&#8221; use_custom_width=&#8221;on&#8221; custom_width_px=&#8221;900px&#8221; global_colors_info=&#8221;{}&#8221;][et_pb_column type=&#8221;1_2&#8243; _builder_version=&#8221;4.16&#8243; custom_padding=&#8221;|||&#8221; global_colors_info=&#8221;{}&#8221; custom_padding__hover=&#8221;|||&#8221;][et_pb_text admin_label=&#8221;About Section Title&#8221; _builder_version=&#8221;4.16&#8243; text_font=&#8221;Montserrat||||&#8221; text_text_color=&#8221;#1f1f1f&#8221; text_font_size=&#8221;36px&#8221; text_line_height=&#8221;1.8em&#8221; background_size=&#8221;initial&#8221; background_position=&#8221;top_left&#8221; background_repeat=&#8221;repeat&#8221; global_colors_info=&#8221;{}&#8221;]<\/p>\n<p>Why work with us?<\/p>\n<p>[\/et_pb_text][\/et_pb_column][et_pb_column type=&#8221;1_2&#8243; _builder_version=&#8221;4.16&#8243; custom_padding=&#8221;|||&#8221; global_colors_info=&#8221;{}&#8221; custom_padding__hover=&#8221;|||&#8221;][et_pb_text admin_label=&#8221;About Section Text&#8221; _builder_version=&#8221;4.16&#8243; text_font_size=&#8221;16px&#8221; text_line_height=&#8221;1.9em&#8221; background_size=&#8221;initial&#8221; background_position=&#8221;top_left&#8221; background_repeat=&#8221;repeat&#8221; global_colors_info=&#8221;{}&#8221;]<\/p>\n<p style=\"text-align: justify;\"><span>GM LOGISTICS was born from wanting to continue the legacy of my family's generation in the country's customs logistics field. Starting with the first branch in Puerto Cortes, Honduras. We have a dynamic, capable and qualified work team. We provide personalized attention, effectively complying with the established times according to the processes. Member of FENADUANAH.<\/span><\/p>\n<p>[\/et_pb_text][\/et_pb_column][\/et_pb_row][et_pb_row column_structure=&#8221;1_3,1_3,1_3&#8243; _builder_version=&#8221;4.16&#8243; background_size=&#8221;initial&#8221; background_position=&#8221;top_left&#8221; background_repeat=&#8221;repeat&#8221; custom_padding=&#8221;80px|||&#8221; global_colors_info=&#8221;{}&#8221;][et_pb_column type=&#8221;1_3&#8243; _builder_version=&#8221;4.16&#8243; background_position=&#8221;top_left&#8221; custom_padding=&#8221;|||&#8221; global_colors_info=&#8221;{}&#8221; custom_padding__hover=&#8221;|||&#8221;][et_pb_blurb title=&#8221;Transporte A\u00e9reo&#8221; url=&#8221;#&#8221; image=&#8221;https:\/\/gmlogisticsh.com\/wp-content\/uploads\/2023\/08\/thumbnail_avion-GM-LOGISTICS.png&#8221; image_icon_width=&#8221;42%&#8221; admin_label=&#8221;Service 01&#8243; _builder_version=&#8221;4.16&#8243; header_font=&#8221;Montserrat||||&#8221; header_text_color=&#8221;#1f1f1f&#8221; header_font_size=&#8221;22px&#8221; header_line_height=&#8221;1.8em&#8221; body_font_size=&#8221;16px&#8221; body_line_height=&#8221;1.9em&#8221; background_size=&#8221;initial&#8221; background_position=&#8221;top_left&#8221; background_repeat=&#8221;repeat&#8221; text_orientation=&#8221;center&#8221; animation_style=&#8221;fold&#8221; animation_direction=&#8221;bottom&#8221; animation_intensity_fold=&#8221;30%&#8221; image_max_width=&#8221;42%&#8221; global_colors_info=&#8221;{}&#8221;]<\/p>\n<p><span>Your merchandise will travel in 1st class. From its collection to the delivery, air shipments are controlled at all times during the journey to ensure correct delivery.<\/span><\/p>\n<p>[\/et_pb_blurb][\/et_pb_column][et_pb_column type=&#8221;1_3&#8243; _builder_version=&#8221;4.16&#8243; background_position=&#8221;top_left&#8221; custom_padding=&#8221;|||&#8221; global_colors_info=&#8221;{}&#8221; custom_padding__hover=&#8221;|||&#8221;][et_pb_blurb title=&#8221;Transporte Maritimo&#8221; url=&#8221;#&#8221; image=&#8221;https:\/\/gmlogisticsh.com\/wp-content\/uploads\/2023\/08\/thumbnail_BARCO-GM-LOGISTICS.png&#8221; image_icon_width=&#8221;42%&#8221; admin_label=&#8221;Service 02&#8243; _builder_version=&#8221;4.16&#8243; header_font=&#8221;Montserrat||||&#8221; header_text_color=&#8221;#1f1f1f&#8221; header_font_size=&#8221;22px&#8221; header_line_height=&#8221;1.8em&#8221; body_font_size=&#8221;16px&#8221; body_line_height=&#8221;1.9em&#8221; background_size=&#8221;initial&#8221; background_position=&#8221;top_left&#8221; background_repeat=&#8221;repeat&#8221; text_orientation=&#8221;center&#8221; animation_style=&#8221;fold&#8221; animation_direction=&#8221;bottom&#8221; animation_delay=&#8221;100ms&#8221; animation_intensity_fold=&#8221;30%&#8221; image_max_width=&#8221;42%&#8221; global_colors_info=&#8221;{}&#8221;]<\/p>\n<p><span>Our transoceanic maritime transport service makes the delivery of the final product safe and hassle-free.<\/span><\/p>\n<p>[\/et_pb_blurb][\/et_pb_column][et_pb_column type=&#8221;1_3&#8243; _builder_version=&#8221;4.16&#8243; background_position=&#8221;top_left&#8221; custom_padding=&#8221;|||&#8221; global_colors_info=&#8221;{}&#8221; custom_padding__hover=&#8221;|||&#8221;][et_pb_blurb title=&#8221;Transporte Terrestre&#8221; url=&#8221;#&#8221; image=&#8221;https:\/\/gmlogisticsh.com\/wp-content\/uploads\/2023\/08\/thumbnail_CAMION-GM-LOGISTICS.png&#8221; image_icon_width=&#8221;42%&#8221; admin_label=&#8221;Service 03&#8243; _builder_version=&#8221;4.16&#8243; header_font=&#8221;Montserrat||||&#8221; header_text_color=&#8221;#1f1f1f&#8221; header_font_size=&#8221;22px&#8221; header_line_height=&#8221;1.8em&#8221; body_font_size=&#8221;16px&#8221; body_line_height=&#8221;1.9em&#8221; background_size=&#8221;initial&#8221; background_position=&#8221;top_left&#8221; background_repeat=&#8221;repeat&#8221; text_orientation=&#8221;center&#8221; animation_style=&#8221;fold&#8221; animation_direction=&#8221;bottom&#8221; animation_delay=&#8221;300ms&#8221; animation_intensity_fold=&#8221;30%&#8221; image_max_width=&#8221;42%&#8221; global_colors_info=&#8221;{}&#8221;]<\/p>\n<p><span>Freight transport by road with door-to-door service from and to any national and international destination.<\/span><\/p>\n<p>[\/et_pb_blurb][\/et_pb_column][\/et_pb_row][\/et_pb_section][et_pb_section fb_built=&#8221;1&#8243; admin_label=&#8221;Footer&#8221; _builder_version=&#8221;4.22.2&#8243; background_image=&#8221;http:\/\/gmlogisticsh.com\/wp-content\/uploads\/2023\/06\/airplane-track-front-view-generative-ai-scaled.jpg&#8221; custom_padding=&#8221;90px||90px|&#8221; hover_enabled=&#8221;0&#8243; global_module=&#8221;96&#8243; saved_tabs=&#8221;all&#8221; global_colors_info=&#8221;{}&#8221; title_text=&#8221;airplane-track-front-view-generative-ai&#8221; sticky_enabled=&#8221;0&#8243;][\/et_pb_section]<\/p>","protected":false},"excerpt":{"rendered":"<p>\u00bfPorque trabajar con nosotros?GM LOGISTICS nace al querer continuar con el legado de generaci\u00f3n\u00a0 de mi familia en el \u00e1mbito log\u00edstico aduanero del pa\u00eds. Iniciando con la primera sucursal en Puerto Cortes, Honduras. Contamos con un equipo de trabajo din\u00e1mico, capaz y calificado. Brindamos atenci\u00f3n personalizada cumpliendo de forma eficaz con los tiempos establecidos seg\u00fan [&hellip;]<\/p>","protected":false},"author":2,"featured_media":0,"parent":0,"menu_order":0,"comment_status":"closed","ping_status":"closed","template":"","meta":{"_et_pb_use_builder":"on","_et_pb_old_content":"","_et_gb_content_width":"","footnotes":""},"class_list":["post-15","page","type-page","status-publish","hentry"],"aioseo_notices":[],"_links":{"self":[{"href":"https:\/\/gmlogisticsh.com\/en\/wp-json\/wp\/v2\/pages\/15","targetHints":{"allow":["GET"]}}],"collection":[{"href":"https:\/\/gmlogisticsh.com\/en\/wp-json\/wp\/v2\/pages"}],"about":[{"href":"https:\/\/gmlogisticsh.com\/en\/wp-json\/wp\/v2\/types\/page"}],"author":[{"embeddable":true,"href":"https:\/\/gmlogisticsh.com\/en\/wp-json\/wp\/v2\/users\/2"}],"replies":[{"embeddable":true,"href":"https:\/\/gmlogisticsh.com\/en\/wp-json\/wp\/v2\/comments?post=15"}],"version-history":[{"count":12,"href":"https:\/\/gmlogisticsh.com\/en\/wp-json\/wp\/v2\/pages\/15\/revisions"}],"predecessor-version":[{"id":195,"href":"https:\/\/gmlogisticsh.com\/en\/wp-json\/wp\/v2\/pages\/15\/revisions\/195"}],"wp:attachment":[{"href":"https:\/\/gmlogisticsh.com\/en\/wp-json\/wp\/v2\/media?parent=15"}],"curies":[{"name":"wp","href":"https:\/\/api.w.org\/{rel}","templated":true}]}}